{"id":187,"date":"2019-11-05T11:00:26","date_gmt":"2019-11-05T11:00:26","guid":{"rendered":"https:\/\/solvableworks.com\/varsol\/?page_id=187"},"modified":"2020-02-06T18:19:18","modified_gmt":"2020-02-06T18:19:18","slug":"thin","status":"publish","type":"page","link":"https:\/\/solvableworks.com\/varsol-paint-thinner\/thin\/","title":{"rendered":"Thin"},"content":{"rendered":"<p>[et_pb_section fb_built=&#8221;1&#8243; fullwidth=&#8221;on&#8221; _builder_version=&#8221;4.0.4&#8243; custom_margin=&#8221;3px||||false|false&#8221; locked=&#8221;off&#8221;][et_pb_fullwidth_header title=&#8221;Thin&#8221; module_class=&#8221;innerPage-header&#8221; _builder_version=&#8221;4.0.4&#8243; background_enable_color=&#8221;off&#8221; background_image=&#8221;https:\/\/solvableworks.com\/varsol\/wp-content\/uploads\/sites\/2\/2019\/11\/Thin-bg.jpg&#8221; custom_padding=&#8221;116px||53px||false|false&#8221;][\/et_pb_fullwidth_header][\/et_pb_section][et_pb_section fb_built=&#8221;1&#8243; _builder_version=&#8221;4.0.4&#8243;][et_pb_row _builder_version=&#8221;4.0.4&#8243; locked=&#8221;off&#8221;][et_pb_column type=&#8221;4_4&#8243; _builder_version=&#8221;4.0.4&#8243;][et_pb_text admin_label=&#8221;heading&#8221; _builder_version=&#8221;4.0.4&#8243;]<\/p>\n<h2>The right solution for thinning paint, stain and varnish.<\/h2>\n<p>[\/et_pb_text][et_pb_text module_class=&#8221;inner-txt&#8221; _builder_version=&#8221;4.0.6&#8243; text_text_color=&#8221;#231f20&#8243; hover_enabled=&#8221;0&#8243;]<\/p>\n<p>As a professional painter or a dedicated do-it-yourselfer, you have probably awarded Varsol<sup>TM<\/sup> paint thinner a permanent place on your workbench because you know you can count on it for thinning paint, stain and varnish.<\/p>\n<p>When you approach a painting project you believe in doing things right. Varsol<sup>TM<\/sup> paint thinner shares that work ethic. It\u2019s there when you need it with a reputation for quality and consistency that it has earned over the last 65* years.<\/p>\n<p>[\/et_pb_text][\/et_pb_column][\/et_pb_row][et_pb_row _builder_version=&#8221;4.0.4&#8243;][et_pb_column type=&#8221;4_4&#8243; _builder_version=&#8221;4.0.4&#8243;][et_pb_code _builder_version=&#8221;4.0.4&#8243;]<div class=\"et_pb_row service-wrap\"><div class=\"et_pb_column et_pb_column_1_3 service-column\" data-id=\"416\">\n\t\t\t<div class=\"service-container\">\n\t\t\t<a class=\"open-popup\" href=\"javascript:void(0);\">\n\t\t\t<div class=\"service-image\">\n\t\t\t<img decoding=\"async\" src=\"https:\/\/solvableworks.com\/varsol-paint-thinner\/wp-content\/uploads\/sites\/2\/2019\/11\/Thin-pro1.jpg\" >\n\t\t\t<\/div>\n\t\t\t<\/a>\n\t\t\t<div class=\"thin-title\">\n\t\t\t<a class=\"open-popup\" href=\"javascript:void(0);\"><h4 class=\"thin-head\">POUR DILUER LA PEINTURE \u00c0 L\u2019HUILE<\/h4><\/a>\n\t\t\t<div class=\"service-description\">\n\t\t\t<p>Les peintures \u00e0 base d\u2019huile sont couramment utilis\u00e9es pour obtenir une finition plus lisse et parfois plus brillante. Elles s\u00e8chent en laissant une surface dure et brillante, plus r\u00e9sistante aux rayures, aux empreintes digitales et aux taches.<\/p>\n\t\t\t<\/div>\n\t\t\t<\/div>\n\t\t\t<\/div>\n\t\t\t<div class=\"et_pb_button_module_wrapper\">\n\t\t\t<a class=\"et_pb_button et_pb_bg_layout_light service-button black-btn open-popup\" href=\"javascript:void(0);\">Learn More<\/a>\n\t\t\t<\/div>\t\n\t\t\t<\/div><div class=\"et_pb_column et_pb_column_1_3 service-column\" data-id=\"388\">\n\t\t\t<div class=\"service-container\">\n\t\t\t<a class=\"open-popup\" href=\"javascript:void(0);\">\n\t\t\t<div class=\"service-image\">\n\t\t\t<img decoding=\"async\" src=\"https:\/\/solvableworks.com\/varsol-paint-thinner\/wp-content\/uploads\/sites\/2\/2019\/11\/Thin-pro1.jpg\" >\n\t\t\t<\/div>\n\t\t\t<\/a>\n\t\t\t<div class=\"thin-title\">\n\t\t\t<a class=\"open-popup\" href=\"javascript:void(0);\"><h4 class=\"thin-head\">FOR THINNING OIL PAINT<\/h4><\/a>\n\t\t\t<div class=\"service-description\">\n\t\t\t<p>Oil-based paints are commonly used to achieve a smoother and sometimes glossier finish. They dry with a hard, lustrous surface....<\/p>\n\t\t\t<\/div>\n\t\t\t<\/div>\n\t\t\t<\/div>\n\t\t\t<div class=\"et_pb_button_module_wrapper\">\n\t\t\t<a class=\"et_pb_button et_pb_bg_layout_light service-button black-btn open-popup\" href=\"javascript:void(0);\">Learn More<\/a>\n\t\t\t<\/div>\t\n\t\t\t<\/div><div class=\"et_pb_column et_pb_column_1_3 service-column\" data-id=\"417\">\n\t\t\t<div class=\"service-container\">\n\t\t\t<a class=\"open-popup\" href=\"javascript:void(0);\">\n\t\t\t<div class=\"service-image\">\n\t\t\t<img decoding=\"async\" src=\"https:\/\/solvableworks.com\/varsol-paint-thinner\/wp-content\/uploads\/sites\/2\/2019\/11\/Thin-pro2.jpg\" >\n\t\t\t<\/div>\n\t\t\t<\/a>\n\t\t\t<div class=\"thin-title\">\n\t\t\t<a class=\"open-popup\" href=\"javascript:void(0);\"><h4 class=\"thin-head\">POUR DILUER LA PEINTURE \u00c0 L\u2019\u00c9MAIL<\/h4><\/a>\n\t\t\t<div class=\"service-description\">\n\t\t\t<p>La peinture-\u00e9mail est un choix privil\u00e9gi\u00e9 pour les zones de la maison \u00e0 fort trafic et les zones expos\u00e9es \u00e0 l\u2019humidit\u00e9. Avec sa finition dure et brillante, la peinture-\u00e9mail r\u00e9siste \u00e0 la moisissure et est facile \u00e0 nettoyer.<\/p>\n\t\t\t<\/div>\n\t\t\t<\/div>\n\t\t\t<\/div>\n\t\t\t<div class=\"et_pb_button_module_wrapper\">\n\t\t\t<a class=\"et_pb_button et_pb_bg_layout_light service-button black-btn open-popup\" href=\"javascript:void(0);\">Learn More<\/a>\n\t\t\t<\/div>\t\n\t\t\t<\/div><div class=\"et_pb_column et_pb_column_1_3 service-column\" data-id=\"151\">\n\t\t\t<div class=\"service-container\">\n\t\t\t<a class=\"open-popup\" href=\"javascript:void(0);\">\n\t\t\t<div class=\"service-image\">\n\t\t\t<img decoding=\"async\" src=\"https:\/\/solvableworks.com\/varsol-paint-thinner\/wp-content\/uploads\/sites\/2\/2019\/11\/b-img1.jpg\" >\n\t\t\t<\/div>\n\t\t\t<\/a>\n\t\t\t<div class=\"thin-title\">\n\t\t\t<a class=\"open-popup\" href=\"javascript:void(0);\"><h4 class=\"thin-head\">FOR THINNING WOOD STAIN<\/h4><\/a>\n\t\t\t<div class=\"service-description\">\n\t\t\t<p>New wooden decks and fences start off looking glorious, but over time, sun, rain, snow and wear can take away the original beauty of the wood....<\/p>\n\t\t\t<\/div>\n\t\t\t<\/div>\n\t\t\t<\/div>\n\t\t\t<div class=\"et_pb_button_module_wrapper\">\n\t\t\t<a class=\"et_pb_button et_pb_bg_layout_light service-button black-btn open-popup\" href=\"javascript:void(0);\">Learn More<\/a>\n\t\t\t<\/div>\t\n\t\t\t<\/div><div class=\"et_pb_column et_pb_column_1_3 service-column\" data-id=\"418\">\n\t\t\t<div class=\"service-container\">\n\t\t\t<a class=\"open-popup\" href=\"javascript:void(0);\">\n\t\t\t<div class=\"service-image\">\n\t\t\t<img decoding=\"async\" src=\"https:\/\/solvableworks.com\/varsol-paint-thinner\/wp-content\/uploads\/sites\/2\/2019\/11\/b-img1.jpg\" >\n\t\t\t<\/div>\n\t\t\t<\/a>\n\t\t\t<div class=\"thin-title\">\n\t\t\t<a class=\"open-popup\" href=\"javascript:void(0);\"><h4 class=\"thin-head\">POUR DILUER LA TEINTURE POUR BOIS<\/h4><\/a>\n\t\t\t<div class=\"service-description\">\n\t\t\t<p>Les nouvelles terrasses et cl\u00f4tures en bois sont d\u2019abord magnifiques, mais avec le temps, soleil, pluie, neige et usure peuvent enlever la beaut\u00e9 originelle du bois, et m\u00eame les faire pourrir.<\/p>\n\t\t\t<\/div>\n\t\t\t<\/div>\n\t\t\t<\/div>\n\t\t\t<div class=\"et_pb_button_module_wrapper\">\n\t\t\t<a class=\"et_pb_button et_pb_bg_layout_light service-button black-btn open-popup\" href=\"javascript:void(0);\">Learn More<\/a>\n\t\t\t<\/div>\t\n\t\t\t<\/div><div class=\"et_pb_column et_pb_column_1_3 service-column\" data-id=\"389\">\n\t\t\t<div class=\"service-container\">\n\t\t\t<a class=\"open-popup\" href=\"javascript:void(0);\">\n\t\t\t<div class=\"service-image\">\n\t\t\t<img decoding=\"async\" src=\"https:\/\/solvableworks.com\/varsol-paint-thinner\/wp-content\/uploads\/sites\/2\/2019\/11\/Thin-pro3.jpg\" >\n\t\t\t<\/div>\n\t\t\t<\/a>\n\t\t\t<div class=\"thin-title\">\n\t\t\t<a class=\"open-popup\" href=\"javascript:void(0);\"><h4 class=\"thin-head\">FOR THINNING VARNISH<\/h4><\/a>\n\t\t\t<div class=\"service-description\">\n\t\t\t<p>Varnish helps you to maintain the natural radiant beauty of wood and give it a hard protective finish by binding with the surface of the wood....<\/p>\n\t\t\t<\/div>\n\t\t\t<\/div>\n\t\t\t<\/div>\n\t\t\t<div class=\"et_pb_button_module_wrapper\">\n\t\t\t<a class=\"et_pb_button et_pb_bg_layout_light service-button black-btn open-popup\" href=\"javascript:void(0);\">Learn More<\/a>\n\t\t\t<\/div>\t\n\t\t\t<\/div><div class=\"et_pb_column et_pb_column_1_3 service-column\" data-id=\"419\">\n\t\t\t<div class=\"service-container\">\n\t\t\t<a class=\"open-popup\" href=\"javascript:void(0);\">\n\t\t\t<div class=\"service-image\">\n\t\t\t<img decoding=\"async\" src=\"https:\/\/solvableworks.com\/varsol-paint-thinner\/wp-content\/uploads\/sites\/2\/2019\/11\/Thin-pro3.jpg\" >\n\t\t\t<\/div>\n\t\t\t<\/a>\n\t\t\t<div class=\"thin-title\">\n\t\t\t<a class=\"open-popup\" href=\"javascript:void(0);\"><h4 class=\"thin-head\">POUR DILUER LE VERNIS<\/h4><\/a>\n\t\t\t<div class=\"service-description\">\n\t\t\t<p>Le vernis vous aide \u00e0 conserver la beaut\u00e9 rayonnante naturelle du bois et \u00e0 lui donner une finition protectrice dure en se liant \u00e0 la surface du bois.<\/p>\n\t\t\t<\/div>\n\t\t\t<\/div>\n\t\t\t<\/div>\n\t\t\t<div class=\"et_pb_button_module_wrapper\">\n\t\t\t<a class=\"et_pb_button et_pb_bg_layout_light service-button black-btn open-popup\" href=\"javascript:void(0);\">Learn More<\/a>\n\t\t\t<\/div>\t\n\t\t\t<\/div><div class=\"et_pb_column et_pb_column_1_3 service-column\" data-id=\"391\">\n\t\t\t<div class=\"service-container\">\n\t\t\t<a class=\"open-popup\" href=\"javascript:void(0);\">\n\t\t\t<div class=\"service-image\">\n\t\t\t<img decoding=\"async\" src=\"https:\/\/solvableworks.com\/varsol-paint-thinner\/wp-content\/uploads\/sites\/2\/2019\/11\/Thin-pro2.jpg\" >\n\t\t\t<\/div>\n\t\t\t<\/a>\n\t\t\t<div class=\"thin-title\">\n\t\t\t<a class=\"open-popup\" href=\"javascript:void(0);\"><h4 class=\"thin-head\">FOR THINNING ENAMEL PAINT<\/h4><\/a>\n\t\t\t<div class=\"service-description\">\n\t\t\t<p>Enamel paint is a preferred choice for high traffic areas of the home and areas prone to dampness. With its hard, glossy finish....<\/p>\n\t\t\t<\/div>\n\t\t\t<\/div>\n\t\t\t<\/div>\n\t\t\t<div class=\"et_pb_button_module_wrapper\">\n\t\t\t<a class=\"et_pb_button et_pb_bg_layout_light service-button black-btn open-popup\" href=\"javascript:void(0);\">Learn More<\/a>\n\t\t\t<\/div>\t\n\t\t\t<\/div><\/div>[\/et_pb_code][\/et_pb_column][\/et_pb_row][\/et_pb_section][et_pb_section fb_built=&#8221;1&#8243; _builder_version=&#8221;4.0.4&#8243; background_color=&#8221;#e7e7e9&#8243; disabled=&#8221;on&#8221; disabled_on=&#8221;on|on|on&#8221; locked=&#8221;off&#8221;][et_pb_row column_structure=&#8221;1_2,1_2&#8243; _builder_version=&#8221;4.0.4&#8243; locked=&#8221;off&#8221;][et_pb_column type=&#8221;1_2&#8243; _builder_version=&#8221;4.0.4&#8243;][et_pb_image src=&#8221;https:\/\/solvableworks.com\/varsol\/wp-content\/uploads\/sites\/2\/2019\/11\/video1.jpg&#8221; _builder_version=&#8221;4.0.4&#8243;][\/et_pb_image][et_pb_text _builder_version=&#8221;4.0.4&#8243; text_font=&#8221;|700|||||||&#8221; text_text_color=&#8221;#231f20&#8243;]Varsol<sup>TM<\/sup> . It\u2019s more than just a paint thinner\u2026 <br \/>it\u2019s a paint brush cleaner. [\/et_pb_text][\/et_pb_column][et_pb_column type=&#8221;1_2&#8243; _builder_version=&#8221;4.0.4&#8243;][et_pb_image src=&#8221;https:\/\/solvableworks.com\/varsol\/wp-content\/uploads\/sites\/2\/2019\/11\/video2.jpg&#8221; _builder_version=&#8221;4.0.4&#8243;][\/et_pb_image][et_pb_text _builder_version=&#8221;4.0.4&#8243; text_font=&#8221;|700|||||||&#8221; text_text_color=&#8221;#231f20&#8243;]Varsol<sup>TM<\/sup> . It\u2019s more than just a paint thinner\u2026 <br \/>it\u2019s a tool cleaner.[\/et_pb_text][\/et_pb_column][\/et_pb_row][\/et_pb_section]<\/p>\n","protected":false},"excerpt":{"rendered":"<p>[et_pb_section fb_built=&#8221;1&#8243; fullwidth=&#8221;on&#8221; _builder_version=&#8221;4.0.4&#8243; custom_margin=&#8221;3px||||false|false&#8221; locked=&#8221;off&#8221;][et_pb_fullwidth_header title=&#8221;Thin&#8221; module_class=&#8221;innerPage-header&#8221; _builder_version=&#8221;4.0.4&#8243; background_enable_color=&#8221;off&#8221; background_image=&#8221;https:\/\/solvableworks.com\/varsol\/wp-content\/uploads\/sites\/2\/2019\/11\/Thin-bg.jpg&#8221; custom_padding=&#8221;116px||53px||false|false&#8221;][\/et_pb_fullwidth_header][\/et_pb_section][et_pb_section fb_built=&#8221;1&#8243; _builder_version=&#8221;4.0.4&#8243;][et_pb_row _builder_version=&#8221;4.0.4&#8243; locked=&#8221;off&#8221;][et_pb_column type=&#8221;4_4&#8243; _builder_version=&#8221;4.0.4&#8243;][et_pb_text admin_label=&#8221;heading&#8221; _builder_version=&#8221;4.0.4&#8243;] The right solution for thinning paint, stain and varnish. [\/et_pb_text][et_pb_text module_class=&#8221;inner-txt&#8221; _builder_version=&#8221;4.0.6&#8243; text_text_color=&#8221;#231f20&#8243; hover_enabled=&#8221;0&#8243;] As a professional painter or a dedicated do-it-yourselfer, you have probably awarded VarsolTM paint thinner a permanent place on your workbench [&hellip;]<\/p>\n","protected":false},"author":2,"featured_media":0,"parent":0,"menu_order":25,"comment_status":"closed","ping_status":"closed","template":"","meta":{"_acf_changed":false,"_et_pb_use_builder":"on","_et_pb_old_content":"","_et_gb_content_width":"","footnotes":""},"class_list":["post-187","page","type-page","status-publish","hentry"],"acf":[],"yoast_head":"<!-- This site is optimized with the Yoast SEO plugin v25.3 - https:\/\/yoast.com\/wordpress\/plugins\/seo\/ -->\n<title>Thin - Varsol\u2122 paint thinner<\/title>\n<meta name=\"robots\" content=\"index, follow, max-snippet:-1, max-image-preview:large, max-video-preview:-1\" \/>\n<link rel=\"canonical\" href=\"https:\/\/solvableworks.com\/varsol-paint-thinner\/thin\/\" \/>\n<meta property=\"og:locale\" content=\"en_US\" \/>\n<meta property=\"og:type\" content=\"article\" \/>\n<meta property=\"og:title\" content=\"Thin - Varsol\u2122 paint thinner\" \/>\n<meta property=\"og:description\" content=\"[et_pb_section fb_built=&#8221;1&#8243; fullwidth=&#8221;on&#8221; _builder_version=&#8221;4.0.4&#8243; custom_margin=&#8221;3px||||false|false&#8221; locked=&#8221;off&#8221;][et_pb_fullwidth_header title=&#8221;Thin&#8221; module_class=&#8221;innerPage-header&#8221; _builder_version=&#8221;4.0.4&#8243; background_enable_color=&#8221;off&#8221; background_image=&#8221;https:\/\/solvableworks.com\/varsol\/wp-content\/uploads\/sites\/2\/2019\/11\/Thin-bg.jpg&#8221; custom_padding=&#8221;116px||53px||false|false&#8221;][\/et_pb_fullwidth_header][\/et_pb_section][et_pb_section fb_built=&#8221;1&#8243; _builder_version=&#8221;4.0.4&#8243;][et_pb_row _builder_version=&#8221;4.0.4&#8243; locked=&#8221;off&#8221;][et_pb_column type=&#8221;4_4&#8243; _builder_version=&#8221;4.0.4&#8243;][et_pb_text admin_label=&#8221;heading&#8221; _builder_version=&#8221;4.0.4&#8243;] The right solution for thinning paint, stain and varnish. [\/et_pb_text][et_pb_text module_class=&#8221;inner-txt&#8221; _builder_version=&#8221;4.0.6&#8243; text_text_color=&#8221;#231f20&#8243; hover_enabled=&#8221;0&#8243;] As a professional painter or a dedicated do-it-yourselfer, you have probably awarded VarsolTM paint thinner a permanent place on your workbench [&hellip;]\" \/>\n<meta property=\"og:url\" content=\"https:\/\/solvableworks.com\/varsol-paint-thinner\/thin\/\" \/>\n<meta property=\"og:site_name\" content=\"Varsol\u2122 paint thinner\" \/>\n<meta property=\"article:modified_time\" content=\"2020-02-06T18:19:18+00:00\" \/>\n<meta name=\"twitter:card\" content=\"summary_large_image\" \/>\n<meta name=\"twitter:label1\" content=\"Est. reading time\" \/>\n\t<meta name=\"twitter:data1\" content=\"2 minutes\" \/>\n<script type=\"application\/ld+json\" class=\"yoast-schema-graph\">{\"@context\":\"https:\/\/schema.org\",\"@graph\":[{\"@type\":\"WebPage\",\"@id\":\"https:\/\/solvableworks.com\/varsol-paint-thinner\/thin\/\",\"url\":\"https:\/\/solvableworks.com\/varsol-paint-thinner\/thin\/\",\"name\":\"Thin - Varsol\u2122 paint thinner\",\"isPartOf\":{\"@id\":\"https:\/\/solvableworks.com\/varsol-paint-thinner\/#website\"},\"datePublished\":\"2019-11-05T11:00:26+00:00\",\"dateModified\":\"2020-02-06T18:19:18+00:00\",\"breadcrumb\":{\"@id\":\"https:\/\/solvableworks.com\/varsol-paint-thinner\/thin\/#breadcrumb\"},\"inLanguage\":\"en-US\",\"potentialAction\":[{\"@type\":\"ReadAction\",\"target\":[\"https:\/\/solvableworks.com\/varsol-paint-thinner\/thin\/\"]}]},{\"@type\":\"BreadcrumbList\",\"@id\":\"https:\/\/solvableworks.com\/varsol-paint-thinner\/thin\/#breadcrumb\",\"itemListElement\":[{\"@type\":\"ListItem\",\"position\":1,\"name\":\"Home\",\"item\":\"https:\/\/solvableworks.com\/varsol-paint-thinner\/\"},{\"@type\":\"ListItem\",\"position\":2,\"name\":\"Thin\"}]},{\"@type\":\"WebSite\",\"@id\":\"https:\/\/solvableworks.com\/varsol-paint-thinner\/#website\",\"url\":\"https:\/\/solvableworks.com\/varsol-paint-thinner\/\",\"name\":\"Varsol\u2122 paint thinner\",\"description\":\"It&#039;s More Than Just A Paint Thinner\",\"potentialAction\":[{\"@type\":\"SearchAction\",\"target\":{\"@type\":\"EntryPoint\",\"urlTemplate\":\"https:\/\/solvableworks.com\/varsol-paint-thinner\/?s={search_term_string}\"},\"query-input\":{\"@type\":\"PropertyValueSpecification\",\"valueRequired\":true,\"valueName\":\"search_term_string\"}}],\"inLanguage\":\"en-US\"}]}<\/script>\n<!-- \/ Yoast SEO plugin. -->","yoast_head_json":{"title":"Thin - Varsol\u2122 paint thinner","robots":{"index":"index","follow":"follow","max-snippet":"max-snippet:-1","max-image-preview":"max-image-preview:large","max-video-preview":"max-video-preview:-1"},"canonical":"https:\/\/solvableworks.com\/varsol-paint-thinner\/thin\/","og_locale":"en_US","og_type":"article","og_title":"Thin - Varsol\u2122 paint thinner","og_description":"[et_pb_section fb_built=&#8221;1&#8243; fullwidth=&#8221;on&#8221; _builder_version=&#8221;4.0.4&#8243; custom_margin=&#8221;3px||||false|false&#8221; locked=&#8221;off&#8221;][et_pb_fullwidth_header title=&#8221;Thin&#8221; module_class=&#8221;innerPage-header&#8221; _builder_version=&#8221;4.0.4&#8243; background_enable_color=&#8221;off&#8221; background_image=&#8221;https:\/\/solvableworks.com\/varsol\/wp-content\/uploads\/sites\/2\/2019\/11\/Thin-bg.jpg&#8221; custom_padding=&#8221;116px||53px||false|false&#8221;][\/et_pb_fullwidth_header][\/et_pb_section][et_pb_section fb_built=&#8221;1&#8243; _builder_version=&#8221;4.0.4&#8243;][et_pb_row _builder_version=&#8221;4.0.4&#8243; locked=&#8221;off&#8221;][et_pb_column type=&#8221;4_4&#8243; _builder_version=&#8221;4.0.4&#8243;][et_pb_text admin_label=&#8221;heading&#8221; _builder_version=&#8221;4.0.4&#8243;] The right solution for thinning paint, stain and varnish. [\/et_pb_text][et_pb_text module_class=&#8221;inner-txt&#8221; _builder_version=&#8221;4.0.6&#8243; text_text_color=&#8221;#231f20&#8243; hover_enabled=&#8221;0&#8243;] As a professional painter or a dedicated do-it-yourselfer, you have probably awarded VarsolTM paint thinner a permanent place on your workbench [&hellip;]","og_url":"https:\/\/solvableworks.com\/varsol-paint-thinner\/thin\/","og_site_name":"Varsol\u2122 paint thinner","article_modified_time":"2020-02-06T18:19:18+00:00","twitter_card":"summary_large_image","twitter_misc":{"Est. reading time":"2 minutes"},"schema":{"@context":"https:\/\/schema.org","@graph":[{"@type":"WebPage","@id":"https:\/\/solvableworks.com\/varsol-paint-thinner\/thin\/","url":"https:\/\/solvableworks.com\/varsol-paint-thinner\/thin\/","name":"Thin - Varsol\u2122 paint thinner","isPartOf":{"@id":"https:\/\/solvableworks.com\/varsol-paint-thinner\/#website"},"datePublished":"2019-11-05T11:00:26+00:00","dateModified":"2020-02-06T18:19:18+00:00","breadcrumb":{"@id":"https:\/\/solvableworks.com\/varsol-paint-thinner\/thin\/#breadcrumb"},"inLanguage":"en-US","potentialAction":[{"@type":"ReadAction","target":["https:\/\/solvableworks.com\/varsol-paint-thinner\/thin\/"]}]},{"@type":"BreadcrumbList","@id":"https:\/\/solvableworks.com\/varsol-paint-thinner\/thin\/#breadcrumb","itemListElement":[{"@type":"ListItem","position":1,"name":"Home","item":"https:\/\/solvableworks.com\/varsol-paint-thinner\/"},{"@type":"ListItem","position":2,"name":"Thin"}]},{"@type":"WebSite","@id":"https:\/\/solvableworks.com\/varsol-paint-thinner\/#website","url":"https:\/\/solvableworks.com\/varsol-paint-thinner\/","name":"Varsol\u2122 paint thinner","description":"It&#039;s More Than Just A Paint Thinner","potentialAction":[{"@type":"SearchAction","target":{"@type":"EntryPoint","urlTemplate":"https:\/\/solvableworks.com\/varsol-paint-thinner\/?s={search_term_string}"},"query-input":{"@type":"PropertyValueSpecification","valueRequired":true,"valueName":"search_term_string"}}],"inLanguage":"en-US"}]}},"_links":{"self":[{"href":"https:\/\/solvableworks.com\/varsol-paint-thinner\/wp-json\/wp\/v2\/pages\/187","targetHints":{"allow":["GET"]}}],"collection":[{"href":"https:\/\/solvableworks.com\/varsol-paint-thinner\/wp-json\/wp\/v2\/pages"}],"about":[{"href":"https:\/\/solvableworks.com\/varsol-paint-thinner\/wp-json\/wp\/v2\/types\/page"}],"author":[{"embeddable":true,"href":"https:\/\/solvableworks.com\/varsol-paint-thinner\/wp-json\/wp\/v2\/users\/2"}],"replies":[{"embeddable":true,"href":"https:\/\/solvableworks.com\/varsol-paint-thinner\/wp-json\/wp\/v2\/comments?post=187"}],"version-history":[{"count":0,"href":"https:\/\/solvableworks.com\/varsol-paint-thinner\/wp-json\/wp\/v2\/pages\/187\/revisions"}],"wp:attachment":[{"href":"https:\/\/solvableworks.com\/varsol-paint-thinner\/wp-json\/wp\/v2\/media?parent=187"}],"curies":[{"name":"wp","href":"https:\/\/api.w.org\/{rel}","templated":true}]}}