{"id":463,"date":"2019-11-19T07:51:18","date_gmt":"2019-11-19T07:51:18","guid":{"rendered":"https:\/\/solvableworks.com\/varsol\/?page_id=463"},"modified":"2020-02-05T07:54:00","modified_gmt":"2020-02-05T07:54:00","slug":"thank-you-fr","status":"publish","type":"page","link":"https:\/\/solvableworks.com\/varsol-paint-thinner\/fr\/thank-you-fr\/","title":{"rendered":"Thank You Fr"},"content":{"rendered":"<p>[et_pb_section fb_built=&#8221;1&#8243; _builder_version=&#8221;3.27.4&#8243; background_color=&#8221;#000000&#8243; custom_padding=&#8221;20px||20px||true|false&#8221; locked=&#8221;off&#8221;][et_pb_row _builder_version=&#8221;3.27.4&#8243; custom_margin=&#8221;||||false|false&#8221; custom_padding=&#8221;0px||0px||true|false&#8221;][et_pb_column type=&#8221;4_4&#8243; _builder_version=&#8221;3.27&#8243;][et_pb_image width=&#8221;100%&#8221; max_width=&#8221;400px&#8221; custom_margin=&#8221;||0px||false|false&#8221; src=&#8221;https:\/\/solvableworks.com\/varsol\/wp-content\/uploads\/sites\/2\/2019\/11\/logo-fr.png&#8221; _builder_version=&#8221;3.27.4&#8243; max_width_tablet=&#8221;&#8221; max_width_phone=&#8221;180px&#8221; max_width_last_edited=&#8221;on|phone&#8221; custom_css_main_element=&#8221;float:left;&#8221;][\/et_pb_image][et_pb_sidebar area=&#8221;et_pb_widget_area_1&#8243; module_class=&#8221;lang-switch&#8221; _builder_version=&#8221;3.27.4&#8243;][\/et_pb_sidebar][\/et_pb_column][\/et_pb_row][\/et_pb_section][et_pb_section fb_built=&#8221;1&#8243; admin_label=&#8221;Section&#8221; _builder_version=&#8221;3.27.4&#8243; background_color=&#8221;#0c6db7&#8243; custom_padding=&#8221;20px||20px||true|false&#8221; locked=&#8221;off&#8221;][et_pb_row _builder_version=&#8221;3.27&#8243; custom_padding=&#8221;0px||0px||true|false&#8221;][et_pb_column type=&#8221;4_4&#8243; _builder_version=&#8221;3.27&#8243;][et_pb_text admin_label=&#8221;Offical website launching soon&#8230; stay tuned.&#8221; _builder_version=&#8221;3.27.4&#8243; header_2_font=&#8221;||||||||&#8221; header_2_font_size=&#8221;35px&#8221; text_orientation=&#8221;center&#8221; background_layout=&#8221;dark&#8221; header_2_font_size_tablet=&#8221;30px&#8221; header_2_font_size_phone=&#8221;26px&#8221; header_2_font_size_last_edited=&#8221;on|phone&#8221; custom_css_main_element=&#8221;font-family: &#8216;HelveticaNeueBlackCond&#8217;;&#8221;]<\/p>\n<h2 style=\"padding-bottom: 0;\">Lancement prochain du site Web officiel\u2026 restez \u00e0 l\u2019\u00e9coute.<\/h2>\n<p>[\/et_pb_text][\/et_pb_column][\/et_pb_row][\/et_pb_section][et_pb_section fb_built=&#8221;1&#8243; _builder_version=&#8221;3.27.4&#8243; background_image=&#8221;https:\/\/solvableworks.com\/varsol\/wp-content\/uploads\/sites\/2\/2019\/11\/slide_03.jpg&#8221; custom_padding=&#8221;||316px|||&#8221;][et_pb_row _builder_version=&#8221;3.27.4&#8243;][et_pb_column type=&#8221;4_4&#8243; _builder_version=&#8221;3.27.4&#8243;][et_pb_text _builder_version=&#8221;3.27.4&#8243;]<\/p>\n<h2 style=\"text-align: center;\"><strong><span style=\"color: white;\">Merci pour ton int\u00e9r\u00eat. Nous tiendrons contact lorsque notre site Web sera en ligne!<\/span><\/strong><\/h2>\n<p>[\/et_pb_text][\/et_pb_column][\/et_pb_row][\/et_pb_section][et_pb_section fb_built=&#8221;1&#8243; _builder_version=&#8221;3.27.4&#8243; custom_padding=&#8221;20px||20px||true|false&#8221;][et_pb_row _builder_version=&#8221;3.27.4&#8243; custom_padding=&#8221;0px||0px||true|false&#8221;][et_pb_column type=&#8221;4_4&#8243; _builder_version=&#8221;3.27.3&#8243;][et_pb_text _builder_version=&#8221;3.27.4&#8243; text_text_color=&#8221;#000000&#8243; text_line_height=&#8221;1.4em&#8221; text_orientation=&#8221;center&#8221; text_text_align=&#8221;center&#8221;]*Varsol est une marque de commerce d\u00e9pos\u00e9e de la Compagnie P\u00e9troli\u00e8re Imp\u00e9riale Limit\u00e9e. Recochem inc. est un licenci\u00e9.<br \/>Recochem inc. 850, mont\u00e9e de Liesse, Montr\u00e9al, Qu\u00e9bec H4T 1P4 1-800-361-6030 www.recochem.com[\/et_pb_text][\/et_pb_column][\/et_pb_row][\/et_pb_section]<\/p>\n","protected":false},"excerpt":{"rendered":"<p>Lancement prochain du site Web officiel\u2026 restez \u00e0 l\u2019\u00e9coute.Merci pour ton int\u00e9r\u00eat. Nous tiendrons contact lorsque notre site Web sera en ligne!*Varsol est une marque de commerce d\u00e9pos\u00e9e de la Compagnie P\u00e9troli\u00e8re Imp\u00e9riale Limit\u00e9e. Recochem inc. est un licenci\u00e9.Recochem inc. 850, mont\u00e9e de Liesse, Montr\u00e9al, Qu\u00e9bec H4T 1P4 1-800-361-6030 www.recochem.com<\/p>\n","protected":false},"author":2,"featured_media":0,"parent":0,"menu_order":11,"comment_status":"closed","ping_status":"closed","template":"","meta":{"_acf_changed":false,"_et_pb_use_builder":"on","_et_pb_old_content":"","_et_gb_content_width":"","footnotes":""},"class_list":["post-463","page","type-page","status-publish","hentry"],"acf":[],"yoast_head":"<!-- This site is optimized with the Yoast SEO plugin v25.3 - https:\/\/yoast.com\/wordpress\/plugins\/seo\/ -->\n<title>Thank You Fr - Varsol\u2122 paint thinner<\/title>\n<meta name=\"robots\" content=\"index, follow, max-snippet:-1, max-image-preview:large, max-video-preview:-1\" \/>\n<link rel=\"canonical\" href=\"https:\/\/solvableworks.com\/varsol-paint-thinner\/fr\/thank-you-fr\/\" \/>\n<meta property=\"og:locale\" content=\"en_US\" \/>\n<meta property=\"og:type\" content=\"article\" \/>\n<meta property=\"og:title\" content=\"Thank You Fr - Varsol\u2122 paint thinner\" \/>\n<meta property=\"og:description\" content=\"Lancement prochain du site Web officiel\u2026 restez \u00e0 l\u2019\u00e9coute.Merci pour ton int\u00e9r\u00eat. Nous tiendrons contact lorsque notre site Web sera en ligne!*Varsol est une marque de commerce d\u00e9pos\u00e9e de la Compagnie P\u00e9troli\u00e8re Imp\u00e9riale Limit\u00e9e. Recochem inc. est un licenci\u00e9.Recochem inc. 850, mont\u00e9e de Liesse, Montr\u00e9al, Qu\u00e9bec H4T 1P4 1-800-361-6030 www.recochem.com\" \/>\n<meta property=\"og:url\" content=\"https:\/\/solvableworks.com\/varsol-paint-thinner\/fr\/thank-you-fr\/\" \/>\n<meta property=\"og:site_name\" content=\"Varsol\u2122 paint thinner\" \/>\n<meta property=\"article:modified_time\" content=\"2020-02-05T07:54:00+00:00\" \/>\n<meta name=\"twitter:card\" content=\"summary_large_image\" \/>\n<meta name=\"twitter:label1\" content=\"Est. reading time\" \/>\n\t<meta name=\"twitter:data1\" content=\"2 minutes\" \/>\n<script type=\"application\/ld+json\" class=\"yoast-schema-graph\">{\"@context\":\"https:\/\/schema.org\",\"@graph\":[{\"@type\":\"WebPage\",\"@id\":\"https:\/\/solvableworks.com\/varsol-paint-thinner\/fr\/thank-you-fr\/\",\"url\":\"https:\/\/solvableworks.com\/varsol-paint-thinner\/fr\/thank-you-fr\/\",\"name\":\"Thank You Fr - Varsol\u2122 paint thinner\",\"isPartOf\":{\"@id\":\"https:\/\/solvableworks.com\/varsol-paint-thinner\/#website\"},\"datePublished\":\"2019-11-19T07:51:18+00:00\",\"dateModified\":\"2020-02-05T07:54:00+00:00\",\"breadcrumb\":{\"@id\":\"https:\/\/solvableworks.com\/varsol-paint-thinner\/fr\/thank-you-fr\/#breadcrumb\"},\"inLanguage\":\"en-US\",\"potentialAction\":[{\"@type\":\"ReadAction\",\"target\":[\"https:\/\/solvableworks.com\/varsol-paint-thinner\/fr\/thank-you-fr\/\"]}]},{\"@type\":\"BreadcrumbList\",\"@id\":\"https:\/\/solvableworks.com\/varsol-paint-thinner\/fr\/thank-you-fr\/#breadcrumb\",\"itemListElement\":[{\"@type\":\"ListItem\",\"position\":1,\"name\":\"Home\",\"item\":\"https:\/\/solvableworks.com\/varsol-paint-thinner\/\"},{\"@type\":\"ListItem\",\"position\":2,\"name\":\"Thank You Fr\"}]},{\"@type\":\"WebSite\",\"@id\":\"https:\/\/solvableworks.com\/varsol-paint-thinner\/#website\",\"url\":\"https:\/\/solvableworks.com\/varsol-paint-thinner\/\",\"name\":\"Varsol\u2122 paint thinner\",\"description\":\"It&#039;s More Than Just A Paint Thinner\",\"potentialAction\":[{\"@type\":\"SearchAction\",\"target\":{\"@type\":\"EntryPoint\",\"urlTemplate\":\"https:\/\/solvableworks.com\/varsol-paint-thinner\/?s={search_term_string}\"},\"query-input\":{\"@type\":\"PropertyValueSpecification\",\"valueRequired\":true,\"valueName\":\"search_term_string\"}}],\"inLanguage\":\"en-US\"}]}<\/script>\n<!-- \/ Yoast SEO plugin. -->","yoast_head_json":{"title":"Thank You Fr - Varsol\u2122 paint thinner","robots":{"index":"index","follow":"follow","max-snippet":"max-snippet:-1","max-image-preview":"max-image-preview:large","max-video-preview":"max-video-preview:-1"},"canonical":"https:\/\/solvableworks.com\/varsol-paint-thinner\/fr\/thank-you-fr\/","og_locale":"en_US","og_type":"article","og_title":"Thank You Fr - Varsol\u2122 paint thinner","og_description":"Lancement prochain du site Web officiel\u2026 restez \u00e0 l\u2019\u00e9coute.Merci pour ton int\u00e9r\u00eat. Nous tiendrons contact lorsque notre site Web sera en ligne!*Varsol est une marque de commerce d\u00e9pos\u00e9e de la Compagnie P\u00e9troli\u00e8re Imp\u00e9riale Limit\u00e9e. Recochem inc. est un licenci\u00e9.Recochem inc. 850, mont\u00e9e de Liesse, Montr\u00e9al, Qu\u00e9bec H4T 1P4 1-800-361-6030 www.recochem.com","og_url":"https:\/\/solvableworks.com\/varsol-paint-thinner\/fr\/thank-you-fr\/","og_site_name":"Varsol\u2122 paint thinner","article_modified_time":"2020-02-05T07:54:00+00:00","twitter_card":"summary_large_image","twitter_misc":{"Est. reading time":"2 minutes"},"schema":{"@context":"https:\/\/schema.org","@graph":[{"@type":"WebPage","@id":"https:\/\/solvableworks.com\/varsol-paint-thinner\/fr\/thank-you-fr\/","url":"https:\/\/solvableworks.com\/varsol-paint-thinner\/fr\/thank-you-fr\/","name":"Thank You Fr - Varsol\u2122 paint thinner","isPartOf":{"@id":"https:\/\/solvableworks.com\/varsol-paint-thinner\/#website"},"datePublished":"2019-11-19T07:51:18+00:00","dateModified":"2020-02-05T07:54:00+00:00","breadcrumb":{"@id":"https:\/\/solvableworks.com\/varsol-paint-thinner\/fr\/thank-you-fr\/#breadcrumb"},"inLanguage":"en-US","potentialAction":[{"@type":"ReadAction","target":["https:\/\/solvableworks.com\/varsol-paint-thinner\/fr\/thank-you-fr\/"]}]},{"@type":"BreadcrumbList","@id":"https:\/\/solvableworks.com\/varsol-paint-thinner\/fr\/thank-you-fr\/#breadcrumb","itemListElement":[{"@type":"ListItem","position":1,"name":"Home","item":"https:\/\/solvableworks.com\/varsol-paint-thinner\/"},{"@type":"ListItem","position":2,"name":"Thank You Fr"}]},{"@type":"WebSite","@id":"https:\/\/solvableworks.com\/varsol-paint-thinner\/#website","url":"https:\/\/solvableworks.com\/varsol-paint-thinner\/","name":"Varsol\u2122 paint thinner","description":"It&#039;s More Than Just A Paint Thinner","potentialAction":[{"@type":"SearchAction","target":{"@type":"EntryPoint","urlTemplate":"https:\/\/solvableworks.com\/varsol-paint-thinner\/?s={search_term_string}"},"query-input":{"@type":"PropertyValueSpecification","valueRequired":true,"valueName":"search_term_string"}}],"inLanguage":"en-US"}]}},"_links":{"self":[{"href":"https:\/\/solvableworks.com\/varsol-paint-thinner\/wp-json\/wp\/v2\/pages\/463","targetHints":{"allow":["GET"]}}],"collection":[{"href":"https:\/\/solvableworks.com\/varsol-paint-thinner\/wp-json\/wp\/v2\/pages"}],"about":[{"href":"https:\/\/solvableworks.com\/varsol-paint-thinner\/wp-json\/wp\/v2\/types\/page"}],"author":[{"embeddable":true,"href":"https:\/\/solvableworks.com\/varsol-paint-thinner\/wp-json\/wp\/v2\/users\/2"}],"replies":[{"embeddable":true,"href":"https:\/\/solvableworks.com\/varsol-paint-thinner\/wp-json\/wp\/v2\/comments?post=463"}],"version-history":[{"count":0,"href":"https:\/\/solvableworks.com\/varsol-paint-thinner\/wp-json\/wp\/v2\/pages\/463\/revisions"}],"wp:attachment":[{"href":"https:\/\/solvableworks.com\/varsol-paint-thinner\/wp-json\/wp\/v2\/media?parent=463"}],"curies":[{"name":"wp","href":"https:\/\/api.w.org\/{rel}","templated":true}]}}