{"id":800,"date":"2020-08-25T15:10:11","date_gmt":"2020-08-25T15:10:11","guid":{"rendered":"https:\/\/solvableworks.com\/varsol-paint-thinner\/?page_id=800"},"modified":"2020-08-25T15:10:11","modified_gmt":"2020-08-25T15:10:11","slug":"merci","status":"publish","type":"page","link":"https:\/\/solvableworks.com\/varsol-paint-thinner\/fr\/merci\/","title":{"rendered":"Merci"},"content":{"rendered":"<p>[et_pb_section fb_built=&#8221;1&#8243; _builder_version=&#8221;3.27.4&#8243; background_color=&#8221;#000000&#8243; custom_padding=&#8221;20px||20px||true|false&#8221; locked=&#8221;off&#8221;][et_pb_row _builder_version=&#8221;3.27.4&#8243; custom_margin=&#8221;||||false|false&#8221; custom_padding=&#8221;0px||0px||true|false&#8221;][et_pb_column type=&#8221;4_4&#8243; _builder_version=&#8221;3.27&#8243;][et_pb_image src=&#8221;https:\/\/solvableworks.com\/varsol-paint-thinner\/wp-content\/uploads\/sites\/2\/2019\/11\/logo.png&#8221; align_tablet=&#8221;&#8221; align_phone=&#8221;&#8221; align_last_edited=&#8221;on|phone&#8221; _builder_version=&#8221;3.27.4&#8243; width=&#8221;100%&#8221; max_width=&#8221;400px&#8221; max_width_tablet=&#8221;&#8221; max_width_phone=&#8221;180px&#8221; max_width_last_edited=&#8221;on|phone&#8221; custom_margin=&#8221;||0px||false|false&#8221; custom_css_main_element=&#8221;float:left;&#8221;][\/et_pb_image][et_pb_sidebar area=&#8221;et_pb_widget_area_1&#8243; module_class=&#8221;lang-switch&#8221; _builder_version=&#8221;4.5.6&#8243;][\/et_pb_sidebar][\/et_pb_column][\/et_pb_row][\/et_pb_section][et_pb_section fb_built=&#8221;1&#8243; _builder_version=&#8221;4.0.6&#8243; background_enable_image=&#8221;off&#8221; custom_padding=&#8221;||5px|||&#8221;][et_pb_row _builder_version=&#8221;4.0.6&#8243;][et_pb_column type=&#8221;4_4&#8243; _builder_version=&#8221;3.27.4&#8243;][et_pb_text _builder_version=&#8221;4.5.6&#8243; hover_enabled=&#8221;0&#8243;]<\/p>\n<h2 style=\"text-align: center\"><strong><span style=\"color: black\">Merci<\/span><\/strong><\/h2>\n<p style=\"text-align: center\">Merci. Un membre de notre \u00e9quipe communiquera avec vous dans les meilleurs d\u00e9lais.<\/p>\n<p>[\/et_pb_text][\/et_pb_column][\/et_pb_row][\/et_pb_section][et_pb_section fb_built=&#8221;1&#8243; _builder_version=&#8221;4.0.6&#8243; custom_padding=&#8221;20px||20px||true|false&#8221;][et_pb_row _builder_version=&#8221;3.27.4&#8243; custom_padding=&#8221;0px||0px||true|false&#8221;][et_pb_column type=&#8221;4_4&#8243; _builder_version=&#8221;3.27.3&#8243;][et_pb_text _builder_version=&#8221;4.5.6&#8243; text_text_color=&#8221;#000000&#8243; text_line_height=&#8221;1.4em&#8221; text_orientation=&#8221;center&#8221; text_text_align=&#8221;center&#8221;]* Varsol est une marque de commerce d\u00e9pos\u00e9e de la P\u00e9troli\u00e8re Imp\u00e9riale Limit\u00e9e. Recochem inc. en est un usager enregistr\u00e9.<br \/>\nRecochem Inc. 850 Mont\u00e9e de Liesse Rd., Montr\u00e9al, Qu\u00e9bec, H4T 1P4 1-800-361-6030 www.recochem.com[\/et_pb_text][\/et_pb_column][\/et_pb_row][\/et_pb_section]<\/p>\n","protected":false},"excerpt":{"rendered":"<p>Merci Merci. Un membre de notre \u00e9quipe communiquera avec vous dans les meilleurs d\u00e9lais. * Varsol est une marque de commerce d\u00e9pos\u00e9e de la P\u00e9troli\u00e8re Imp\u00e9riale Limit\u00e9e. Recochem inc. en est un usager enregistr\u00e9. Recochem Inc. 850 Mont\u00e9e de Liesse Rd., Montr\u00e9al, Qu\u00e9bec, H4T 1P4 1-800-361-6030 www.recochem.com<\/p>\n","protected":false},"author":2,"featured_media":0,"parent":0,"menu_order":3,"comment_status":"closed","ping_status":"closed","template":"","meta":{"_acf_changed":false,"_et_pb_use_builder":"on","_et_pb_old_content":"","_et_gb_content_width":"","footnotes":""},"class_list":["post-800","page","type-page","status-publish","hentry"],"acf":[],"yoast_head":"<!-- This site is optimized with the Yoast SEO plugin v25.3 - https:\/\/yoast.com\/wordpress\/plugins\/seo\/ -->\n<title>Merci - Varsol\u2122 paint thinner<\/title>\n<meta name=\"robots\" content=\"index, follow, max-snippet:-1, max-image-preview:large, max-video-preview:-1\" \/>\n<link rel=\"canonical\" href=\"https:\/\/solvableworks.com\/varsol-paint-thinner\/fr\/merci\/\" \/>\n<meta property=\"og:locale\" content=\"en_US\" \/>\n<meta property=\"og:type\" content=\"article\" \/>\n<meta property=\"og:title\" content=\"Merci - Varsol\u2122 paint thinner\" \/>\n<meta property=\"og:description\" content=\"Merci Merci. Un membre de notre \u00e9quipe communiquera avec vous dans les meilleurs d\u00e9lais. * Varsol est une marque de commerce d\u00e9pos\u00e9e de la P\u00e9troli\u00e8re Imp\u00e9riale Limit\u00e9e. Recochem inc. en est un usager enregistr\u00e9. Recochem Inc. 850 Mont\u00e9e de Liesse Rd., Montr\u00e9al, Qu\u00e9bec, H4T 1P4 1-800-361-6030 www.recochem.com\" \/>\n<meta property=\"og:url\" content=\"https:\/\/solvableworks.com\/varsol-paint-thinner\/fr\/merci\/\" \/>\n<meta property=\"og:site_name\" content=\"Varsol\u2122 paint thinner\" \/>\n<meta name=\"twitter:card\" content=\"summary_large_image\" \/>\n<meta name=\"twitter:label1\" content=\"Est. reading time\" \/>\n\t<meta name=\"twitter:data1\" content=\"1 minute\" \/>\n<script type=\"application\/ld+json\" class=\"yoast-schema-graph\">{\"@context\":\"https:\/\/schema.org\",\"@graph\":[{\"@type\":\"WebPage\",\"@id\":\"https:\/\/solvableworks.com\/varsol-paint-thinner\/fr\/merci\/\",\"url\":\"https:\/\/solvableworks.com\/varsol-paint-thinner\/fr\/merci\/\",\"name\":\"Merci - Varsol\u2122 paint thinner\",\"isPartOf\":{\"@id\":\"https:\/\/solvableworks.com\/varsol-paint-thinner\/#website\"},\"datePublished\":\"2020-08-25T15:10:11+00:00\",\"breadcrumb\":{\"@id\":\"https:\/\/solvableworks.com\/varsol-paint-thinner\/fr\/merci\/#breadcrumb\"},\"inLanguage\":\"en-US\",\"potentialAction\":[{\"@type\":\"ReadAction\",\"target\":[\"https:\/\/solvableworks.com\/varsol-paint-thinner\/fr\/merci\/\"]}]},{\"@type\":\"BreadcrumbList\",\"@id\":\"https:\/\/solvableworks.com\/varsol-paint-thinner\/fr\/merci\/#breadcrumb\",\"itemListElement\":[{\"@type\":\"ListItem\",\"position\":1,\"name\":\"Home\",\"item\":\"https:\/\/solvableworks.com\/varsol-paint-thinner\/\"},{\"@type\":\"ListItem\",\"position\":2,\"name\":\"Merci\"}]},{\"@type\":\"WebSite\",\"@id\":\"https:\/\/solvableworks.com\/varsol-paint-thinner\/#website\",\"url\":\"https:\/\/solvableworks.com\/varsol-paint-thinner\/\",\"name\":\"Varsol\u2122 paint thinner\",\"description\":\"It&#039;s More Than Just A Paint Thinner\",\"potentialAction\":[{\"@type\":\"SearchAction\",\"target\":{\"@type\":\"EntryPoint\",\"urlTemplate\":\"https:\/\/solvableworks.com\/varsol-paint-thinner\/?s={search_term_string}\"},\"query-input\":{\"@type\":\"PropertyValueSpecification\",\"valueRequired\":true,\"valueName\":\"search_term_string\"}}],\"inLanguage\":\"en-US\"}]}<\/script>\n<!-- \/ Yoast SEO plugin. -->","yoast_head_json":{"title":"Merci - Varsol\u2122 paint thinner","robots":{"index":"index","follow":"follow","max-snippet":"max-snippet:-1","max-image-preview":"max-image-preview:large","max-video-preview":"max-video-preview:-1"},"canonical":"https:\/\/solvableworks.com\/varsol-paint-thinner\/fr\/merci\/","og_locale":"en_US","og_type":"article","og_title":"Merci - Varsol\u2122 paint thinner","og_description":"Merci Merci. Un membre de notre \u00e9quipe communiquera avec vous dans les meilleurs d\u00e9lais. * Varsol est une marque de commerce d\u00e9pos\u00e9e de la P\u00e9troli\u00e8re Imp\u00e9riale Limit\u00e9e. Recochem inc. en est un usager enregistr\u00e9. Recochem Inc. 850 Mont\u00e9e de Liesse Rd., Montr\u00e9al, Qu\u00e9bec, H4T 1P4 1-800-361-6030 www.recochem.com","og_url":"https:\/\/solvableworks.com\/varsol-paint-thinner\/fr\/merci\/","og_site_name":"Varsol\u2122 paint thinner","twitter_card":"summary_large_image","twitter_misc":{"Est. reading time":"1 minute"},"schema":{"@context":"https:\/\/schema.org","@graph":[{"@type":"WebPage","@id":"https:\/\/solvableworks.com\/varsol-paint-thinner\/fr\/merci\/","url":"https:\/\/solvableworks.com\/varsol-paint-thinner\/fr\/merci\/","name":"Merci - Varsol\u2122 paint thinner","isPartOf":{"@id":"https:\/\/solvableworks.com\/varsol-paint-thinner\/#website"},"datePublished":"2020-08-25T15:10:11+00:00","breadcrumb":{"@id":"https:\/\/solvableworks.com\/varsol-paint-thinner\/fr\/merci\/#breadcrumb"},"inLanguage":"en-US","potentialAction":[{"@type":"ReadAction","target":["https:\/\/solvableworks.com\/varsol-paint-thinner\/fr\/merci\/"]}]},{"@type":"BreadcrumbList","@id":"https:\/\/solvableworks.com\/varsol-paint-thinner\/fr\/merci\/#breadcrumb","itemListElement":[{"@type":"ListItem","position":1,"name":"Home","item":"https:\/\/solvableworks.com\/varsol-paint-thinner\/"},{"@type":"ListItem","position":2,"name":"Merci"}]},{"@type":"WebSite","@id":"https:\/\/solvableworks.com\/varsol-paint-thinner\/#website","url":"https:\/\/solvableworks.com\/varsol-paint-thinner\/","name":"Varsol\u2122 paint thinner","description":"It&#039;s More Than Just A Paint Thinner","potentialAction":[{"@type":"SearchAction","target":{"@type":"EntryPoint","urlTemplate":"https:\/\/solvableworks.com\/varsol-paint-thinner\/?s={search_term_string}"},"query-input":{"@type":"PropertyValueSpecification","valueRequired":true,"valueName":"search_term_string"}}],"inLanguage":"en-US"}]}},"_links":{"self":[{"href":"https:\/\/solvableworks.com\/varsol-paint-thinner\/wp-json\/wp\/v2\/pages\/800","targetHints":{"allow":["GET"]}}],"collection":[{"href":"https:\/\/solvableworks.com\/varsol-paint-thinner\/wp-json\/wp\/v2\/pages"}],"about":[{"href":"https:\/\/solvableworks.com\/varsol-paint-thinner\/wp-json\/wp\/v2\/types\/page"}],"author":[{"embeddable":true,"href":"https:\/\/solvableworks.com\/varsol-paint-thinner\/wp-json\/wp\/v2\/users\/2"}],"replies":[{"embeddable":true,"href":"https:\/\/solvableworks.com\/varsol-paint-thinner\/wp-json\/wp\/v2\/comments?post=800"}],"version-history":[{"count":0,"href":"https:\/\/solvableworks.com\/varsol-paint-thinner\/wp-json\/wp\/v2\/pages\/800\/revisions"}],"wp:attachment":[{"href":"https:\/\/solvableworks.com\/varsol-paint-thinner\/wp-json\/wp\/v2\/media?parent=800"}],"curies":[{"name":"wp","href":"https:\/\/api.w.org\/{rel}","templated":true}]}}