{"id":546,"date":"2020-02-05T09:01:29","date_gmt":"2020-02-05T09:01:29","guid":{"rendered":"https:\/\/solvableworks.com\/varsol-paint-thinner\/?post_type=product&#038;p=546"},"modified":"2020-02-05T09:01:29","modified_gmt":"2020-02-05T09:01:29","slug":"diluant-a-peinture-varsolmc","status":"publish","type":"product","link":"https:\/\/solvableworks.com\/varsol-paint-thinner\/fr\/product\/diluant-a-peinture-varsolmc\/","title":{"rendered":"Diluant \u00e0 peinture Varsol<sup>MC<\/sup>"},"content":{"rendered":"<p>Le Diluant \u00e0 peinture Varsol<sup>MC<\/sup> est un nettoyant, un d\u00e9graissant et un diluant pur de qualit\u00e9 sup\u00e9rieure et professionnelle, formul\u00e9 selon les normes les plus strictes utilis\u00e9 pour les travaux les plus difficiles. Varsol<sup>MC<\/sup> restaure vos biens et leur redonne leur apparence initiale.<\/p>\n<p>UTILISATIONS<\/p>\n<ul>\n<li>Diluer peintures \u00e0 l\u2019huile, vernis et polyur\u00e9thanes<\/li>\n<li>\u00c9liminer graisse, goudron et cire sur les planchers et d\u2019autres surfaces<\/li>\n<li>\u00c9liminer la graisse sur pi\u00e8ces automobiles, outils et planchers de garage<\/li>\n<li>Nettoyer pinceaux, rouleaux, plateaux de peinture et surfaces<\/li>\n<\/ul>\n","protected":false},"excerpt":{"rendered":"<p>Le Diluant \u00e0 peinture VarsolMC est un nettoyant, un d\u00e9graissant et un diluant pur de qualit\u00e9 sup\u00e9rieure et professionnelle, formul\u00e9 selon les normes les plus strictes utilis\u00e9 pour les travaux les plus difficiles. VarsolMC restaure vos biens et leur redonne leur apparence initiale. UTILISATIONS Diluer peintures \u00e0 l\u2019huile, vernis et polyur\u00e9thanes \u00c9liminer graisse, goudron et [&hellip;]<\/p>\n","protected":false},"featured_media":482,"parent":0,"template":"","class_list":["post-546","product","type-product","status-publish","has-post-thumbnail","hentry"],"acf":[],"yoast_head":"<!-- This site is optimized with the Yoast SEO plugin v25.3 - https:\/\/yoast.com\/wordpress\/plugins\/seo\/ -->\n<title>Diluant \u00e0 peinture VarsolMC - Varsol\u2122 paint thinner<\/title>\n<meta name=\"robots\" content=\"index, follow, max-snippet:-1, max-image-preview:large, max-video-preview:-1\" \/>\n<link rel=\"canonical\" href=\"https:\/\/solvableworks.com\/varsol-paint-thinner\/fr\/product\/diluant-a-peinture-varsolmc\/\" \/>\n<meta property=\"og:locale\" content=\"en_US\" \/>\n<meta property=\"og:type\" content=\"article\" \/>\n<meta property=\"og:title\" content=\"Diluant \u00e0 peinture VarsolMC - Varsol\u2122 paint thinner\" \/>\n<meta property=\"og:description\" content=\"Le Diluant \u00e0 peinture VarsolMC est un nettoyant, un d\u00e9graissant et un diluant pur de qualit\u00e9 sup\u00e9rieure et professionnelle, formul\u00e9 selon les normes les plus strictes utilis\u00e9 pour les travaux les plus difficiles. VarsolMC restaure vos biens et leur redonne leur apparence initiale. UTILISATIONS Diluer peintures \u00e0 l\u2019huile, vernis et polyur\u00e9thanes \u00c9liminer graisse, goudron et [&hellip;]\" \/>\n<meta property=\"og:url\" content=\"https:\/\/solvableworks.com\/varsol-paint-thinner\/fr\/product\/diluant-a-peinture-varsolmc\/\" \/>\n<meta property=\"og:site_name\" content=\"Varsol\u2122 paint thinner\" \/>\n<meta property=\"og:image\" content=\"https:\/\/solvableworks.com\/varsol-paint-thinner\/wp-content\/uploads\/sites\/2\/2019\/11\/paint-thiner-3.png\" \/>\n\t<meta property=\"og:image:width\" content=\"650\" \/>\n\t<meta property=\"og:image:height\" content=\"1035\" \/>\n\t<meta property=\"og:image:type\" content=\"image\/png\" \/>\n<meta name=\"twitter:card\" content=\"summary_large_image\" \/>\n<script type=\"application\/ld+json\" class=\"yoast-schema-graph\">{\"@context\":\"https:\/\/schema.org\",\"@graph\":[{\"@type\":\"WebPage\",\"@id\":\"https:\/\/solvableworks.com\/varsol-paint-thinner\/fr\/product\/diluant-a-peinture-varsolmc\/\",\"url\":\"https:\/\/solvableworks.com\/varsol-paint-thinner\/fr\/product\/diluant-a-peinture-varsolmc\/\",\"name\":\"Diluant \u00e0 peinture VarsolMC - Varsol\u2122 paint thinner\",\"isPartOf\":{\"@id\":\"https:\/\/solvableworks.com\/varsol-paint-thinner\/#website\"},\"primaryImageOfPage\":{\"@id\":\"https:\/\/solvableworks.com\/varsol-paint-thinner\/fr\/product\/diluant-a-peinture-varsolmc\/#primaryimage\"},\"image\":{\"@id\":\"https:\/\/solvableworks.com\/varsol-paint-thinner\/fr\/product\/diluant-a-peinture-varsolmc\/#primaryimage\"},\"thumbnailUrl\":\"https:\/\/solvableworks.com\/varsol-paint-thinner\/wp-content\/uploads\/sites\/2\/2019\/11\/paint-thiner-3.png\",\"datePublished\":\"2020-02-05T09:01:29+00:00\",\"breadcrumb\":{\"@id\":\"https:\/\/solvableworks.com\/varsol-paint-thinner\/fr\/product\/diluant-a-peinture-varsolmc\/#breadcrumb\"},\"inLanguage\":\"en-US\",\"potentialAction\":[{\"@type\":\"ReadAction\",\"target\":[\"https:\/\/solvableworks.com\/varsol-paint-thinner\/fr\/product\/diluant-a-peinture-varsolmc\/\"]}]},{\"@type\":\"ImageObject\",\"inLanguage\":\"en-US\",\"@id\":\"https:\/\/solvableworks.com\/varsol-paint-thinner\/fr\/product\/diluant-a-peinture-varsolmc\/#primaryimage\",\"url\":\"https:\/\/solvableworks.com\/varsol-paint-thinner\/wp-content\/uploads\/sites\/2\/2019\/11\/paint-thiner-3.png\",\"contentUrl\":\"https:\/\/solvableworks.com\/varsol-paint-thinner\/wp-content\/uploads\/sites\/2\/2019\/11\/paint-thiner-3.png\",\"width\":650,\"height\":1035},{\"@type\":\"BreadcrumbList\",\"@id\":\"https:\/\/solvableworks.com\/varsol-paint-thinner\/fr\/product\/diluant-a-peinture-varsolmc\/#breadcrumb\",\"itemListElement\":[{\"@type\":\"ListItem\",\"position\":1,\"name\":\"Home\",\"item\":\"https:\/\/solvableworks.com\/varsol-paint-thinner\/\"},{\"@type\":\"ListItem\",\"position\":2,\"name\":\"Diluant \u00e0 peinture VarsolMC\"}]},{\"@type\":\"WebSite\",\"@id\":\"https:\/\/solvableworks.com\/varsol-paint-thinner\/#website\",\"url\":\"https:\/\/solvableworks.com\/varsol-paint-thinner\/\",\"name\":\"Varsol\u2122 paint thinner\",\"description\":\"It&#039;s More Than Just A Paint Thinner\",\"potentialAction\":[{\"@type\":\"SearchAction\",\"target\":{\"@type\":\"EntryPoint\",\"urlTemplate\":\"https:\/\/solvableworks.com\/varsol-paint-thinner\/?s={search_term_string}\"},\"query-input\":{\"@type\":\"PropertyValueSpecification\",\"valueRequired\":true,\"valueName\":\"search_term_string\"}}],\"inLanguage\":\"en-US\"}]}<\/script>\n<!-- \/ Yoast SEO plugin. -->","yoast_head_json":{"title":"Diluant \u00e0 peinture VarsolMC - Varsol\u2122 paint thinner","robots":{"index":"index","follow":"follow","max-snippet":"max-snippet:-1","max-image-preview":"max-image-preview:large","max-video-preview":"max-video-preview:-1"},"canonical":"https:\/\/solvableworks.com\/varsol-paint-thinner\/fr\/product\/diluant-a-peinture-varsolmc\/","og_locale":"en_US","og_type":"article","og_title":"Diluant \u00e0 peinture VarsolMC - Varsol\u2122 paint thinner","og_description":"Le Diluant \u00e0 peinture VarsolMC est un nettoyant, un d\u00e9graissant et un diluant pur de qualit\u00e9 sup\u00e9rieure et professionnelle, formul\u00e9 selon les normes les plus strictes utilis\u00e9 pour les travaux les plus difficiles. VarsolMC restaure vos biens et leur redonne leur apparence initiale. UTILISATIONS Diluer peintures \u00e0 l\u2019huile, vernis et polyur\u00e9thanes \u00c9liminer graisse, goudron et [&hellip;]","og_url":"https:\/\/solvableworks.com\/varsol-paint-thinner\/fr\/product\/diluant-a-peinture-varsolmc\/","og_site_name":"Varsol\u2122 paint thinner","og_image":[{"width":650,"height":1035,"url":"https:\/\/solvableworks.com\/varsol-paint-thinner\/wp-content\/uploads\/sites\/2\/2019\/11\/paint-thiner-3.png","type":"image\/png"}],"twitter_card":"summary_large_image","schema":{"@context":"https:\/\/schema.org","@graph":[{"@type":"WebPage","@id":"https:\/\/solvableworks.com\/varsol-paint-thinner\/fr\/product\/diluant-a-peinture-varsolmc\/","url":"https:\/\/solvableworks.com\/varsol-paint-thinner\/fr\/product\/diluant-a-peinture-varsolmc\/","name":"Diluant \u00e0 peinture VarsolMC - Varsol\u2122 paint thinner","isPartOf":{"@id":"https:\/\/solvableworks.com\/varsol-paint-thinner\/#website"},"primaryImageOfPage":{"@id":"https:\/\/solvableworks.com\/varsol-paint-thinner\/fr\/product\/diluant-a-peinture-varsolmc\/#primaryimage"},"image":{"@id":"https:\/\/solvableworks.com\/varsol-paint-thinner\/fr\/product\/diluant-a-peinture-varsolmc\/#primaryimage"},"thumbnailUrl":"https:\/\/solvableworks.com\/varsol-paint-thinner\/wp-content\/uploads\/sites\/2\/2019\/11\/paint-thiner-3.png","datePublished":"2020-02-05T09:01:29+00:00","breadcrumb":{"@id":"https:\/\/solvableworks.com\/varsol-paint-thinner\/fr\/product\/diluant-a-peinture-varsolmc\/#breadcrumb"},"inLanguage":"en-US","potentialAction":[{"@type":"ReadAction","target":["https:\/\/solvableworks.com\/varsol-paint-thinner\/fr\/product\/diluant-a-peinture-varsolmc\/"]}]},{"@type":"ImageObject","inLanguage":"en-US","@id":"https:\/\/solvableworks.com\/varsol-paint-thinner\/fr\/product\/diluant-a-peinture-varsolmc\/#primaryimage","url":"https:\/\/solvableworks.com\/varsol-paint-thinner\/wp-content\/uploads\/sites\/2\/2019\/11\/paint-thiner-3.png","contentUrl":"https:\/\/solvableworks.com\/varsol-paint-thinner\/wp-content\/uploads\/sites\/2\/2019\/11\/paint-thiner-3.png","width":650,"height":1035},{"@type":"BreadcrumbList","@id":"https:\/\/solvableworks.com\/varsol-paint-thinner\/fr\/product\/diluant-a-peinture-varsolmc\/#breadcrumb","itemListElement":[{"@type":"ListItem","position":1,"name":"Home","item":"https:\/\/solvableworks.com\/varsol-paint-thinner\/"},{"@type":"ListItem","position":2,"name":"Diluant \u00e0 peinture VarsolMC"}]},{"@type":"WebSite","@id":"https:\/\/solvableworks.com\/varsol-paint-thinner\/#website","url":"https:\/\/solvableworks.com\/varsol-paint-thinner\/","name":"Varsol\u2122 paint thinner","description":"It&#039;s More Than Just A Paint Thinner","potentialAction":[{"@type":"SearchAction","target":{"@type":"EntryPoint","urlTemplate":"https:\/\/solvableworks.com\/varsol-paint-thinner\/?s={search_term_string}"},"query-input":{"@type":"PropertyValueSpecification","valueRequired":true,"valueName":"search_term_string"}}],"inLanguage":"en-US"}]}},"_links":{"self":[{"href":"https:\/\/solvableworks.com\/varsol-paint-thinner\/wp-json\/wp\/v2\/product\/546","targetHints":{"allow":["GET"]}}],"collection":[{"href":"https:\/\/solvableworks.com\/varsol-paint-thinner\/wp-json\/wp\/v2\/product"}],"about":[{"href":"https:\/\/solvableworks.com\/varsol-paint-thinner\/wp-json\/wp\/v2\/types\/product"}],"version-history":[{"count":0,"href":"https:\/\/solvableworks.com\/varsol-paint-thinner\/wp-json\/wp\/v2\/product\/546\/revisions"}],"wp:featuredmedia":[{"embeddable":true,"href":"https:\/\/solvableworks.com\/varsol-paint-thinner\/wp-json\/wp\/v2\/media\/482"}],"wp:attachment":[{"href":"https:\/\/solvableworks.com\/varsol-paint-thinner\/wp-json\/wp\/v2\/media?parent=546"}],"curies":[{"name":"wp","href":"https:\/\/api.w.org\/{rel}","templated":true}]}}